{"id":2108,"date":"2026-04-09T11:36:49","date_gmt":"2026-04-09T09:36:49","guid":{"rendered":"https:\/\/theeditking.fr\/?page_id=2108"},"modified":"2026-04-09T11:36:49","modified_gmt":"2026-04-09T09:36:49","slug":"single-53-under-the-red-sun","status":"publish","type":"page","link":"https:\/\/theeditking.fr\/index.php\/single-53-under-the-red-sun\/","title":{"rendered":"Single 53 Under The Red Sun"},"content":{"rendered":"\n<p>On Friday, April 3rd 2026 \u00ab\u00a0Under The Red Sun\u00a0\u00bb, the 3rd single from the 10th album \u00ab\u00a0RED SUN\u00a0\u00bb was released.<\/p>\n\n\n\n<figure class=\"wp-block-image size-large\"><img loading=\"lazy\" decoding=\"async\" width=\"1024\" height=\"1024\" src=\"https:\/\/theeditking.fr\/wp-content\/uploads\/2026\/04\/folder-1024x1024.jpg\" alt=\"\" class=\"wp-image-2109\" srcset=\"https:\/\/theeditking.fr\/wp-content\/uploads\/2026\/04\/folder-1024x1024.jpg 1024w, https:\/\/theeditking.fr\/wp-content\/uploads\/2026\/04\/folder-300x300.jpg 300w, https:\/\/theeditking.fr\/wp-content\/uploads\/2026\/04\/folder-150x150.jpg 150w, https:\/\/theeditking.fr\/wp-content\/uploads\/2026\/04\/folder-768x768.jpg 768w, https:\/\/theeditking.fr\/wp-content\/uploads\/2026\/04\/folder-1536x1536.jpg 1536w, https:\/\/theeditking.fr\/wp-content\/uploads\/2026\/04\/folder-2048x2048.jpg 2048w, https:\/\/theeditking.fr\/wp-content\/uploads\/2026\/04\/folder-1200x1200.jpg 1200w, https:\/\/theeditking.fr\/wp-content\/uploads\/2026\/04\/folder-1980x1980.jpg 1980w\" sizes=\"auto, (max-width: 1024px) 100vw, 1024px\" \/><\/figure>\n\n\n\n<p>It contains the following tracks : <\/p>\n\n\n\n<ol class=\"wp-block-list\">\n<li>UNDER THE RED SUN remix 3:21<\/li>\n\n\n\n<li>WHEN THE SKY GOES RED 3:54<\/li>\n\n\n\n<li>UNDER THE RED SUN extended dance mix 5:54<\/li>\n<\/ol>\n\n\n\n<p>\u00ab\u00a0Under The Red Sun\u00a0\u00bb is one of the best tracks of the album \u00ab\u00a0RED SUN\u00a0\u00bb and that&rsquo;s why the album was named after it.<\/p>\n\n\n\n<p>It&rsquo;s not as powerful as a potential club hit as \u00ab\u00a0King Of The Night\u00a0\u00bb but it&rsquo;s robotic melody makes it kinda unique. Again the software Serum from Xfer Records whose sounds originated made wonders here.<\/p>\n\n\n\n<p>I love this track so much. Not because it could be a potential club hit but because of its melodic and melancolic melody. This sounds are truly beautiful.<\/p>\n\n\n\n<p>The 2nd track \u00ab\u00a0When The Sky Goes Red\u00a0\u00bb was created and recorded specially for this single. If in \u00ab\u00a0Under The Red Sun\u00a0\u00bb the lyrics made the red sun to appear as something positive on the other hand in the lyrics of \u00ab\u00a0When The Sky Goes Red\u00a0\u00bb finally the RED colour is this time very negative. A ying to its yang so to speak.<\/p>\n\n\n\n<p>My sister told me I was crazy to put this excellent music as an extra-track only since \u00ab\u00a0When The Sky Goes Red\u00a0\u00bb is marvelous. And she&rsquo;s right, this could have fit onto the album but extra-tracks can be great too. Can&rsquo;t they ? \ud83d\ude42<\/p>\n\n\n\n<p>The extended version of \u00ab\u00a0Under The Red Sun\u00a0\u00bb on track 3 expands the song and enhanced well all the sounds by making them appear one at a time. The robot voice melody is indeed in its purest form there : alone. The very discret and subtle bass of \u00ab\u00a0Under The Red Sun\u00a0\u00bb comes from the YAMAHA cult synth DX-7 and not from the Serum VST though this time I believe.<\/p>\n\n\n\n<p>This 3-track single is available to hear or buy on my Bandcamp page : <\/p>\n\n\n\n<p><a href=\"https:\/\/theeditking.bandcamp.com\/album\/under-the-red-sun-single-53\">https:\/\/theeditking.bandcamp.com\/album\/under-the-red-sun-single-53<\/a><\/p>\n\n\n\n<p>But it&rsquo;s also available on all major streaming and downloads platforms such as Spotify, Deezer, Apple Music, the Amazon download sites, etc. : <\/p>\n\n\n\n<p><a href=\"https:\/\/ditto.fm\/under-the-red-sun\">https:\/\/ditto.fm\/under-the-red-sun<\/a><\/p>\n\n\n\n<p>&#8211; &#8211; &#8211; &#8211; &#8211; F R E N C H &#8211; &#8211; &#8211;  T R A N S L A T I O N &#8211; &#8211; &#8211; &#8211;<\/p>\n\n\n\n<h2 class=\"wp-block-heading\"><mark style=\"background-color:rgba(0, 0, 0, 0);color:#fff300\" class=\"has-inline-color\">Single 53 Under The Red Sun<\/mark><\/h2>\n\n\n\n<p>Le vendredi 3 avril 2026 \u00ab\u00a0Under The Red Sun\u00a0\u00bb, le 3\u00e8me single extrait du 10\u00e8me album \u00ab\u00a0RED SUN\u00a0\u00bb est sorti.<\/p>\n\n\n\n<figure class=\"wp-block-image size-large\"><img loading=\"lazy\" decoding=\"async\" width=\"1024\" height=\"1024\" src=\"https:\/\/theeditking.fr\/wp-content\/uploads\/2026\/04\/folder-1024x1024.jpg\" alt=\"\" class=\"wp-image-2109\" srcset=\"https:\/\/theeditking.fr\/wp-content\/uploads\/2026\/04\/folder-1024x1024.jpg 1024w, https:\/\/theeditking.fr\/wp-content\/uploads\/2026\/04\/folder-300x300.jpg 300w, https:\/\/theeditking.fr\/wp-content\/uploads\/2026\/04\/folder-150x150.jpg 150w, https:\/\/theeditking.fr\/wp-content\/uploads\/2026\/04\/folder-768x768.jpg 768w, https:\/\/theeditking.fr\/wp-content\/uploads\/2026\/04\/folder-1536x1536.jpg 1536w, https:\/\/theeditking.fr\/wp-content\/uploads\/2026\/04\/folder-2048x2048.jpg 2048w, https:\/\/theeditking.fr\/wp-content\/uploads\/2026\/04\/folder-1200x1200.jpg 1200w, https:\/\/theeditking.fr\/wp-content\/uploads\/2026\/04\/folder-1980x1980.jpg 1980w\" sizes=\"auto, (max-width: 1024px) 100vw, 1024px\" \/><\/figure>\n\n\n\n<p>Il contient les titres suivants :<\/p>\n\n\n\n<ol class=\"wp-block-list\">\n<li>UNDER THE RED SUN remix 3:21<\/li>\n\n\n\n<li>WHEN THE SKY GOES RED 3:54<\/li>\n\n\n\n<li>UNDER THE RED SUN extended dance mix 5:54<\/li>\n<\/ol>\n\n\n\n<p>\u00ab\u00a0Under The Red Sun\u00a0\u00bb est un des plus beaux morceaux de l&rsquo;album \u00ab\u00a0RED SUN\u00a0\u00bb et c&rsquo;est d&rsquo;ailleurs pourquoi le titre de l&rsquo;album en est tir\u00e9.<\/p>\n\n\n\n<p>Ce morceau n&rsquo;a pas la puissance club que pourrait avoir un morceau comme \u00ab\u00a0King Of The Night\u00a0\u00bb par exemple mais sa m\u00e9lodie robotique le rend assez unique. Encore une fois le logiciel de musique VST Serum de l&rsquo;\u00e9diteur Xfer Records d&rsquo;o\u00f9 proviennent ses sons a encore une fois fait merveille ici.<\/p>\n\n\n\n<p>J&rsquo;aime tellement ce morceau. Pas car il pourrait \u00eatre un tube club potentiel mais simplement gr\u00e2ce \u00e0 sa m\u00e9lodie \u00e0 la fois belle et m\u00e9lancolique. Ces sons l\u00e0 sont vraiment tr\u00e8s beaux.<\/p>\n\n\n\n<p>Le 2\u00e8me morceau \u00ab\u00a0When The Sky Goes Red\u00a0\u00bb a \u00e9t\u00e9 cr\u00e9\u00e9 et enregistr\u00e9 express\u00e9ment pour ce single. Si dans \u00ab\u00a0Under The Red Sun\u00a0\u00bb les paroles semblait rendre la couleur rouge du soleil positive, d&rsquo;un autre c\u00f4t\u00e9 dans les paroles de \u00ab\u00a0When The Sky Goes Red\u00a0\u00bb finalement la couleur rouge est ici tr\u00e8s n\u00e9gative. Ce titre est le ying du yang du titre principal en quelque sorte.<\/p>\n\n\n\n<p>Ma soeur m&rsquo;a dit que j&rsquo;\u00e9tais dingue de mettre une musique aussi merveilleuse en titre bonus d&rsquo;un single et elle avait sans doute raison. Ce titre est bon au point qu&rsquo;il aurait tout \u00e0 fait pu int\u00e9grer l&rsquo;album. Mais les titres bonus ont le droit d&rsquo;\u00eatre excellents eux aussi, non ? \ud83d\ude42<\/p>\n\n\n\n<p>La version longue de \u00ab\u00a0Under The Red Sun\u00a0\u00bb sur le titre 3 \u00e9tend la chanson avec go\u00fbt et d\u00e9licatesse et mets bien en valeur les sons du morceau en les faisant appara\u00eetre un par un. <\/p>\n\n\n\n<p>La voix m\u00e9lodique de robot peut s&rsquo;entendre dans sa forme la plus pure dans ce remix, c&rsquo;est \u00e0 dire : seule. La basse tr\u00e8s discr\u00e8te et subtile de \u00ab\u00a0Under The Red Sun\u00a0\u00bb vient \u00eatre du synth\u00e9 culte de YAMAHA DX-7 et pas du VST logiciel Serum cette fois-ci si je me souviens bien.<\/p>\n\n\n\n<p>Ce single 3 titres est disponible \u00e0 l&rsquo;\u00e9coute ou \u00e0 la vente sur ma page Bandcamp ci-dessous :<\/p>\n\n\n\n<p><a href=\"https:\/\/theeditking.bandcamp.com\/album\/under-the-red-sun-single-53\">https:\/\/theeditking.bandcamp.com\/album\/under-the-red-sun-single-53<\/a><\/p>\n\n\n\n<p>Mais il est aussi disponible sur les principales plateformes de t\u00e9l\u00e9chargements et d&rsquo;\u00e9coutes l\u00e9gales telles que Spotify, Deezer, Apple Music, the Amazon download sites, etc. :<\/p>\n\n\n\n<p><a href=\"https:\/\/ditto.fm\/under-the-red-sun\">https:\/\/ditto.fm\/under-the-red-sun<\/a><\/p>\n","protected":false},"excerpt":{"rendered":"<p>On Friday, April 3rd 2026 \u00ab\u00a0Under The Red Sun\u00a0\u00bb, the 3rd single from the 10th album \u00ab\u00a0RED SUN\u00a0\u00bb was released. It contains the following tracks : \u00ab\u00a0Under The Red Sun\u00a0\u00bb is one of the best tracks of the album \u00ab\u00a0RED SUN\u00a0\u00bb and that&rsquo;s why the album was named after it. It&rsquo;s not as powerful as [&hellip;]<\/p>\n","protected":false},"author":1,"featured_media":0,"parent":0,"menu_order":0,"comment_status":"closed","ping_status":"closed","template":"","meta":{"footnotes":""},"class_list":["post-2108","page","type-page","status-publish","hentry"],"_links":{"self":[{"href":"https:\/\/theeditking.fr\/index.php\/wp-json\/wp\/v2\/pages\/2108","targetHints":{"allow":["GET"]}}],"collection":[{"href":"https:\/\/theeditking.fr\/index.php\/wp-json\/wp\/v2\/pages"}],"about":[{"href":"https:\/\/theeditking.fr\/index.php\/wp-json\/wp\/v2\/types\/page"}],"author":[{"embeddable":true,"href":"https:\/\/theeditking.fr\/index.php\/wp-json\/wp\/v2\/users\/1"}],"replies":[{"embeddable":true,"href":"https:\/\/theeditking.fr\/index.php\/wp-json\/wp\/v2\/comments?post=2108"}],"version-history":[{"count":1,"href":"https:\/\/theeditking.fr\/index.php\/wp-json\/wp\/v2\/pages\/2108\/revisions"}],"predecessor-version":[{"id":2110,"href":"https:\/\/theeditking.fr\/index.php\/wp-json\/wp\/v2\/pages\/2108\/revisions\/2110"}],"wp:attachment":[{"href":"https:\/\/theeditking.fr\/index.php\/wp-json\/wp\/v2\/media?parent=2108"}],"curies":[{"name":"wp","href":"https:\/\/api.w.org\/{rel}","templated":true}]}}