{"id":1988,"date":"2026-02-16T14:35:46","date_gmt":"2026-02-16T13:35:46","guid":{"rendered":"https:\/\/theeditking.fr\/?page_id=1988"},"modified":"2026-02-18T15:20:36","modified_gmt":"2026-02-18T14:20:36","slug":"single-50-on-your-own-volition","status":"publish","type":"page","link":"https:\/\/theeditking.fr\/index.php\/single-50-on-your-own-volition\/","title":{"rendered":"Single 50 On Your Own Volition"},"content":{"rendered":"\n<p>On Friday, February 6th 2026 was released \u00ab&nbsp;On Your Own Volition&nbsp;\u00bb, the 5th and final single taken from the 9th album \u00ab&nbsp;KING OF THE NIGHT&nbsp;\u00bb.<\/p>\n\n\n\n<figure class=\"wp-block-image size-large\"><img loading=\"lazy\" decoding=\"async\" width=\"1024\" height=\"1024\" src=\"https:\/\/theeditking.fr\/wp-content\/uploads\/2026\/02\/folder-1024x1024.jpg\" alt=\"\" class=\"wp-image-1989\" srcset=\"https:\/\/theeditking.fr\/wp-content\/uploads\/2026\/02\/folder-1024x1024.jpg 1024w, https:\/\/theeditking.fr\/wp-content\/uploads\/2026\/02\/folder-300x300.jpg 300w, https:\/\/theeditking.fr\/wp-content\/uploads\/2026\/02\/folder-150x150.jpg 150w, https:\/\/theeditking.fr\/wp-content\/uploads\/2026\/02\/folder-768x768.jpg 768w, https:\/\/theeditking.fr\/wp-content\/uploads\/2026\/02\/folder-1536x1536.jpg 1536w, https:\/\/theeditking.fr\/wp-content\/uploads\/2026\/02\/folder-2048x2048.jpg 2048w, https:\/\/theeditking.fr\/wp-content\/uploads\/2026\/02\/folder-1200x1200.jpg 1200w, https:\/\/theeditking.fr\/wp-content\/uploads\/2026\/02\/folder-1980x1980.jpg 1980w\" sizes=\"auto, (max-width: 1024px) 100vw, 1024px\" \/><\/figure>\n\n\n\n<p>It contains the following tracks : <\/p>\n\n\n\n<p>1. ON YOUR OWN VOLITION remix 4:02<br>2. BEAUTIFUL AND BRITTLE 3:18<br>3. ON YOUR OWN VOLITION extended mix 7:22<\/p>\n\n\n\n<p>There were many singles choices available on the album for the 5th and final single taken from the album : \u00ab&nbsp;KING OF THE NIGHT&nbsp;\u00bb. \u00ab&nbsp;The Devil In A Three-Piece-Suit&nbsp;\u00bb was one, the very unusual sounding \u00ab&nbsp;Dots Your I&rsquo;s And Cross Your T&rsquo;s \u00bb was another.<\/p>\n\n\n\n<p>This last one would have made a terrific Christmas single. But it&rsquo;s when I listen to the whole album with my friends and that one of them said \u00ab&nbsp;oh this is very unusual for you&nbsp;\u00bb listening to \u00ab&nbsp;On Your Own Volition&nbsp;\u00bb that I realise the impact this track could make.<\/p>\n\n\n\n<p>And it was a very unusual sounding music for me it&rsquo;s true. But that&rsquo;s precisely what makes it truly unique I think. And even though releasing \u00ab&nbsp;The Devil In A Three-Piece-Suit&nbsp;\u00bb would have made perfect sense, I chose the path usually not followed.<\/p>\n\n\n\n<p>Everyone listening to the album was also always very impressed with \u00ab&nbsp;Ready For Another World \u00bb and even though it&rsquo;s a really dynamic and surprising track, I found it maybe a little too repetitive and agressive, but it could have made sense to release this one as well.<\/p>\n\n\n\n<p>And this time, since the first track \u00ab&nbsp;On Your Own Volition&nbsp;\u00bb has a kind of dark vibe, I wanted on the contrary a very upbeat and positive (almost) na\u00efve music for the extra-track or b-side for this single. Then \u00ab&nbsp;Beautiful And Brittle&nbsp;\u00bb was born.<\/p>\n\n\n\n<p>It&rsquo;s probably one of my best extra-track music not to be featured on an album. Like \u00ab&nbsp;Sweet Little Death&nbsp;\u00bb who&rsquo;s becomed my most-played b-side with more than 1.800 streams on the Internet, I bet this one will also gain quite an attraction since it&rsquo;s so positive and joyful.<\/p>\n\n\n\n<p>But since \u00ab&nbsp;KING OF THE NIGHT \u00bb had such a dark techno-dance atmosphere, I thought the dark and broody \u00ab&nbsp;On Your Own Volition&nbsp;\u00bb made sense as the last single.<\/p>\n\n\n\n<p>The next single \u00ab&nbsp;Something&rsquo;s Wrong&nbsp;\u00bb will also have a very dark atmosphere but it will be much more memorable I think with its beautiful melody sound and powerful drums. <\/p>\n\n\n\n<p>The next album will be much more pop than the album \u00ab&nbsp;KING OF THE NIGHT&nbsp;\u00bb was, but the first single in contrast is more industrial dark new-wave than poppy&rsquo;s pop. That&rsquo;s how my work always has a kind of continuity to it. <\/p>\n\n\n\n<p>Nothing I do is totally random. I&rsquo;m not on an all savy-industry-calculated-moves kind of guy but I know exactly what I want and what I don&rsquo;t want. And I never forget the bigger picture.<\/p>\n\n\n\n<p>Everytime I release several singles from an album in a row, I always think what would the complete singles collection would sound like. That&rsquo;s why I never release 2 samey-sounding singles in a row. There&rsquo;s always change and challenges in a corner of my mind, always.<\/p>\n\n\n\n<p>I&rsquo;ve learned from the best with the bands I admire (like Depeche Mode releasing the pop \u00ab Enjoy The Silence \u00bb right after the dark \u00ab Personal <br>Jesus \u00bb or Pet Shop Boys releasing the pop-friendly \u00ab Go West \u00bb right after the aggressively-sounding \u00ab&nbsp;Can You Forgive Her&nbsp;\u00bb. \ud83d\ude42<\/p>\n\n\n\n<p>When it comes to the sleeve, the signs on the cover were made by a very talentest artist whose others works are available to see at : <\/p>\n\n\n\n<p><a href=\"https:\/\/www.vecteezy.com\/members\/ayaankabir\">https:\/\/www.vecteezy.com\/members\/ayaankabir<\/a><\/p>\n\n\n\n<p>The single is available to hear or buy on my Bandcamp page site : <\/p>\n\n\n\n<p><a href=\"https:\/\/theeditking.bandcamp.com\/album\/on-your-own-volition-single-50\">https:\/\/theeditking.bandcamp.com\/album\/on-your-own-volition-single-50<\/a><\/p>\n\n\n\n<p>as well as on all major streaming and download sites like Spotify, Deezer, etc. : <\/p>\n\n\n\n<p><a href=\"https:\/\/ditto.fm\/on-your-own-volition\">https:\/\/ditto.fm\/on-your-own-volition<\/a><\/p>\n\n\n\n<p> &#8211; &#8211; &#8211; &#8211; &#8211; F R E N C H &#8211; &#8211; &#8211; TRANSLATION &#8211; &#8211; &#8211; &#8211; &#8211; &#8211;<\/p>\n\n\n\n<h2 class=\"wp-block-heading\">Single 50 On Your Own Volition<\/h2>\n\n\n\n<p>Le vendredi 6 f\u00e9vrier 2026 est sorti \u00ab&nbsp;On Your Own Volition&nbsp;\u00bb, le 5\u00e8me et dernier extrait du 9\u00e8me album \u00ab&nbsp;KING OF THE NIGHT&nbsp;\u00bb.<\/p>\n\n\n\n<figure class=\"wp-block-image size-large\"><img loading=\"lazy\" decoding=\"async\" width=\"1024\" height=\"1024\" src=\"https:\/\/theeditking.fr\/wp-content\/uploads\/2026\/02\/folder-1024x1024.jpg\" alt=\"\" class=\"wp-image-1989\" srcset=\"https:\/\/theeditking.fr\/wp-content\/uploads\/2026\/02\/folder-1024x1024.jpg 1024w, https:\/\/theeditking.fr\/wp-content\/uploads\/2026\/02\/folder-300x300.jpg 300w, https:\/\/theeditking.fr\/wp-content\/uploads\/2026\/02\/folder-150x150.jpg 150w, https:\/\/theeditking.fr\/wp-content\/uploads\/2026\/02\/folder-768x768.jpg 768w, https:\/\/theeditking.fr\/wp-content\/uploads\/2026\/02\/folder-1536x1536.jpg 1536w, https:\/\/theeditking.fr\/wp-content\/uploads\/2026\/02\/folder-2048x2048.jpg 2048w, https:\/\/theeditking.fr\/wp-content\/uploads\/2026\/02\/folder-1200x1200.jpg 1200w, https:\/\/theeditking.fr\/wp-content\/uploads\/2026\/02\/folder-1980x1980.jpg 1980w\" sizes=\"auto, (max-width: 1024px) 100vw, 1024px\" \/><\/figure>\n\n\n\n<p>Il contient les titres suivants :<\/p>\n\n\n\n<p>1. ON YOUR OWN VOLITION remix 4:02<br>2. BEAUTIFUL AND BRITTLE 3:18<br>3. ON YOUR OWN VOLITION extended mix 7:22<\/p>\n\n\n\n<p>Il y avait beaucoup de choix possibles comme singles pour le 5\u00e8me et dernier extrait de l&rsquo;album : \u00ab&nbsp;KING OF THE NIGHT&nbsp;\u00bb. \u00ab&nbsp;The Devil In A Three-Piece-Suit&nbsp;\u00bb \u00e9tait une de ses possibilit\u00e9s, et le titre qui sonne tr\u00e8s diff\u00e9rent comme \u00ab&nbsp;Dots Your I&rsquo;s And Cross Your T&rsquo;s \u00bb en \u00e9tait un autre.<\/p>\n\n\n\n<p>Ce dernier titre en particulier aurait pu faire un excellent single de No\u00ebL. Mais \u00e0 chaque fois que j&rsquo;\u00e9coutais cet album avec ma famille et mes amis, l&rsquo;un d&rsquo;entre eux m&rsquo;a dit \u00ab oh ce titre l\u00e0 sonne diff\u00e9rent pour toi \u00bb en \u00e9coutant \u00ab&nbsp;On Your Own Volition&nbsp;\u00bb c&rsquo;est l\u00e0 que j&rsquo;ai un peu r\u00e9alis\u00e9 l&rsquo;impact de ce morceau. <\/p>\n\n\n\n<p>Et c&rsquo;est vrai que c&rsquo;est un titre qui sonne tr\u00e8s peu moi quelque part. Mais c&rsquo;est pr\u00e9cis\u00e9ment ce qui le rend unique, je crois. Alors m\u00eame si sortir \u00ab&nbsp;The Devil In A Three-Piece-Suit&nbsp;\u00bb en single m&rsquo;aurait paru totaltement logique, j&rsquo;ai choisi la route rarement emprunt\u00e9e \u00e0 la place de l&rsquo;\u00e9vidence. <\/p>\n\n\n\n<p>Sinon tous ceux qui \u00e9coutaient l&rsquo;album en g\u00e9n\u00e9ral trouvait le titre \u00ab&nbsp;Ready For Another World \u00bb tr\u00e8s impressionnant et m\u00eame si je trouve ce morceau tr\u00e8s dynamique et surprenant, je le trouvais aussi un peu trop r\u00e9p\u00e9titif et agressif mais \u00e7a aurait pu \u00eatre un bon single \u00e9galement c&rsquo;est vrai.<\/p>\n\n\n\n<p>Et cette fois-ci comme le titre 1 du single \u00ab&nbsp;On Your Own Volition&nbsp;\u00bb avait une ambiance un peu sombre et\/ou m\u00e9lancolique, je voulais au contraire en titre 2 un morceau tr\u00e8s positif, na\u00eff et presque sautillant. Ainsi le titre \u00ab&nbsp;Beautiful And Brittle&nbsp;\u00bb \u00e9tait n\u00e9.<\/p>\n\n\n\n<p>Ce titre est probablement une de mes meilleures face B ou morceau bonus donn\u00e9 sur les singles et \u00e0 ne pas figurer sur un de mes albums. <\/p>\n\n\n\n<p>Comme \u00ab&nbsp;Sweet Little Death&nbsp;\u00bb qui est devenu mon morceau le plus \u00e9cout\u00e9 sur Internet avec plus de 1 800 \u00e9coutes, je ne doute pas une seconde que ce morceau se fera une part belle en \u00e9coutes \u00e9galement tellement il est positif et joyeux. <\/p>\n\n\n\n<p>Mais comme mon album  \u00ab&nbsp;KING OF THE NIGHT \u00bb avait une ambiance si sombre et techno-dance, j&rsquo;ai pens\u00e9 qu&rsquo;un titre aussi sombre et m\u00e9lancolique que \u00ab&nbsp;On Your Own Volition&nbsp;\u00bb faisait sens en tant que dernier single extrait de l&rsquo;album.<\/p>\n\n\n\n<p>Bien que le single suivant \u00ab&nbsp;Something&rsquo;s Wrong&nbsp;\u00bb aura aussi une atmosph\u00e8re tr\u00e8s sombre et violente mais il sera beaucoup plus m\u00e9morable \u00e0 mon humble avis avec sa batterie pleine d&rsquo;\u00e9chos et son tr\u00e8s beau son de m\u00e9lodie. <\/p>\n\n\n\n<p>Le prochain album sera beaucoup plus pop et vari\u00e9 que \u00ab&nbsp;KING OF THE NIGHT&nbsp;\u00bb, mais le premier single qui en sera tir\u00e9 en contraste sonnera lui beaucoup plus new wave sombre et avec une musique d&rsquo;ambiance presque industrielle. C&rsquo;est ainsi que le tente de conserver une certaine continuit\u00e9 et une logique dans mes oeuvres musicales.<\/p>\n\n\n\n<p>Rien de ce que je fais n&rsquo;est compl\u00e8tement al\u00e9atoire. Je ne suis en rien calculateur et manipulateur comme peuvent l&rsquo;\u00eatre les majors, les maisons de disques classiques o\u00f9 tout est \u00e9tudi\u00e9 au milim\u00e8tre pr\u00e8s mais je garde toujours sur mon oeuvre une id\u00e9e g\u00e9n\u00e9rale d&rsquo;ensemble quoiqu&rsquo;il arrive. <\/p>\n\n\n\n<p>Chaque fois que je sors plusieurs singles \u00e0 la suite d&rsquo;un m\u00eame album, je pense toujours \u00e0 l&rsquo;\u00e9coute d\u00e9finitive que donnera plus tard le best of de tous les singles si un jour j&rsquo;en fais un. C&rsquo;est pour \u00e7a que je sors rarement 2 titres lents \u00e0 la suite ou 2 titres trop dansants \u00e0 la suite. Je pense \u00e0 toujours conserver un certain \u00e9quilibre, toujours. <\/p>\n\n\n\n<p>J&rsquo;ai appris avec les meilleurs : les groupes que j&rsquo;ai aim\u00e9 quand j&rsquo;\u00e9tais plus jeune (comme le groupe Depeche Mode par exemple qui ne sortait le tr\u00e8s pop \u00ab Enjoy The Silence \u00bb tout de suite apr\u00e8s le plus personnel et sombre titre \u00ab Personal Jesus \u00bb ou encore les Pet Shop Boys qui ont sorti le tr\u00e8s pop-dance \u00ab Go West \u00bb (leur reprise des Village People) tout de suite apr\u00e8s le tr\u00e8s agressif \u00ab&nbsp;Can You Forgive Her&nbsp;\u00bb. Tout est toujours une question d&rsquo;\u00e9quilibre dans la pop. \ud83d\ude42<\/p>\n\n\n\n<p>Pour ce qui est \u00e0 l&rsquo;origine des signes sur la pochette de couverture de ce single, ils ont \u00e9t\u00e9 produits par quelqu&rsquo;un de tr\u00e8s talentueux dont on peut retrouver les oeuvres  sur ce site : <\/p>\n\n\n\n<p><a href=\"https:\/\/www.vecteezy.com\/members\/ayaankabir\">https:\/\/www.vecteezy.com\/members\/ayaankabir<\/a><\/p>\n\n\n\n<p>Ce single sera disponible \u00e0 l&rsquo;\u00e9coute et \u00e0 l&rsquo;achat sur ma page Bandcamp :<\/p>\n\n\n\n<p><a href=\"https:\/\/theeditking.bandcamp.com\/album\/on-your-own-volition-single-50\">https:\/\/theeditking.bandcamp.com\/album\/on-your-own-volition-single-50<\/a><\/p>\n\n\n\n<p>ainsi que sur la plupart des plateformes d&rsquo;\u00e9coute et de t\u00e9l\u00e9chargements les plus connues comme Spotify, Deezer, Youtube, etc. :<\/p>\n\n\n\n<p><a href=\"https:\/\/ditto.fm\/on-your-own-volition\">https:\/\/ditto.fm\/on-your-own-volition<\/a><\/p>\n","protected":false},"excerpt":{"rendered":"<p>On Friday, February 6th 2026 was released \u00ab&nbsp;On Your Own Volition&nbsp;\u00bb, the 5th and final single taken from the 9th album \u00ab&nbsp;KING OF THE NIGHT&nbsp;\u00bb. It contains the following tracks : 1. ON YOUR OWN VOLITION remix 4:022. BEAUTIFUL AND BRITTLE 3:183. ON YOUR OWN VOLITION extended mix 7:22 There were many singles choices available [&hellip;]<\/p>\n","protected":false},"author":1,"featured_media":0,"parent":0,"menu_order":0,"comment_status":"closed","ping_status":"closed","template":"","meta":{"footnotes":""},"class_list":["post-1988","page","type-page","status-publish","hentry"],"_links":{"self":[{"href":"https:\/\/theeditking.fr\/index.php\/wp-json\/wp\/v2\/pages\/1988","targetHints":{"allow":["GET"]}}],"collection":[{"href":"https:\/\/theeditking.fr\/index.php\/wp-json\/wp\/v2\/pages"}],"about":[{"href":"https:\/\/theeditking.fr\/index.php\/wp-json\/wp\/v2\/types\/page"}],"author":[{"embeddable":true,"href":"https:\/\/theeditking.fr\/index.php\/wp-json\/wp\/v2\/users\/1"}],"replies":[{"embeddable":true,"href":"https:\/\/theeditking.fr\/index.php\/wp-json\/wp\/v2\/comments?post=1988"}],"version-history":[{"count":4,"href":"https:\/\/theeditking.fr\/index.php\/wp-json\/wp\/v2\/pages\/1988\/revisions"}],"predecessor-version":[{"id":1994,"href":"https:\/\/theeditking.fr\/index.php\/wp-json\/wp\/v2\/pages\/1988\/revisions\/1994"}],"wp:attachment":[{"href":"https:\/\/theeditking.fr\/index.php\/wp-json\/wp\/v2\/media?parent=1988"}],"curies":[{"name":"wp","href":"https:\/\/api.w.org\/{rel}","templated":true}]}}