{"id":1955,"date":"2026-01-06T08:47:30","date_gmt":"2026-01-06T07:47:30","guid":{"rendered":"https:\/\/theeditking.fr\/?page_id=1955"},"modified":"2026-01-06T09:29:46","modified_gmt":"2026-01-06T08:29:46","slug":"single-49-so-sick-of-you-too","status":"publish","type":"page","link":"https:\/\/theeditking.fr\/index.php\/single-49-so-sick-of-you-too\/","title":{"rendered":"Single 49 So Sick Of You Too"},"content":{"rendered":"\n<p>On Friday, January 2nd 2026, \u00ab\u00a0So Sick Of You Too\u00a0\u00bb : the 4th single of the 9th album \u00ab\u00a0KING OF THE NIGHT\u00a0\u00bb was released.<\/p>\n\n\n\n<figure class=\"wp-block-image size-large\"><img loading=\"lazy\" decoding=\"async\" width=\"1024\" height=\"1024\" src=\"https:\/\/theeditking.fr\/wp-content\/uploads\/2026\/01\/folder-1024x1024.jpg\" alt=\"\" class=\"wp-image-1956\" srcset=\"https:\/\/theeditking.fr\/wp-content\/uploads\/2026\/01\/folder-1024x1024.jpg 1024w, https:\/\/theeditking.fr\/wp-content\/uploads\/2026\/01\/folder-300x300.jpg 300w, https:\/\/theeditking.fr\/wp-content\/uploads\/2026\/01\/folder-150x150.jpg 150w, https:\/\/theeditking.fr\/wp-content\/uploads\/2026\/01\/folder-768x768.jpg 768w, https:\/\/theeditking.fr\/wp-content\/uploads\/2026\/01\/folder-1536x1536.jpg 1536w, https:\/\/theeditking.fr\/wp-content\/uploads\/2026\/01\/folder-2048x2048.jpg 2048w, https:\/\/theeditking.fr\/wp-content\/uploads\/2026\/01\/folder-1200x1200.jpg 1200w, https:\/\/theeditking.fr\/wp-content\/uploads\/2026\/01\/folder-1980x1980.jpg 1980w\" sizes=\"auto, (max-width: 1024px) 100vw, 1024px\" \/><\/figure>\n\n\n\n<p>It contains the following tracks : <\/p>\n\n\n\n<p>01. SO SICK OF YOU TOO remix 2:52<br>02. DON&rsquo;T SELL YOURSELF SHORT 3:24<br>03. SO SICK OF YOU TOO extended remix 6:12<\/p>\n\n\n\n<p>I&rsquo;m not crazy about this song and I think that the drums are being put too forward in the mix that they should have. But the whole thing was recorded and finalized before I realized it so it was too late to change it but the single remix being shorter is better than the album version.<\/p>\n\n\n\n<p>I&rsquo;m quite proud of the extended remix though (I love the ending it&rsquo;s wicked I think the way it ends). I love those electronic sounds, it reminds me of a track from Depeche Mode that I love called \u00ab\u00a0Personal Jesus\u00a0\u00bb. That&rsquo;s why I released it as a single.<\/p>\n\n\n\n<p>But if it weren&rsquo;t for those specific electronic sounds which makes this song unique, I think I would have released \u00ab\u00a0Ready For Another World\u00a0\u00bb or \u00ab\u00a0Dots Your I&rsquo;s And Cross Your T&rsquo;s\u00a0\u00bb as a single instead.<\/p>\n\n\n\n<p>\u00ab\u00a0Dots Your I&rsquo;s And Cross Your T&rsquo;s\u00a0\u00bb would have made a nice Christmas single but that would have meant to push \u00ab\u00a0Modern Age\u00a0\u00bb as a single to January but I love this song too much.<\/p>\n\n\n\n<p>Even though \u00ab\u00a0Dots Your I&rsquo;s And Cross Your T&rsquo;s\u00a0\u00bb isn&rsquo;t a Christmas song per say, I think its sounds made it sound like a Christmas song more than anything I&rsquo;ve made even though it&rsquo;s not on the level of Wham!\/George Michael&rsquo;s \u00ab\u00a0Last Christmas\u00a0\u00bb obviously. \u00ab\u00a0Last Christmas\u00a0\u00bb is the perfect Christmas song for me (sorry Mariah). \ud83d\ude42<\/p>\n\n\n\n<p>Hell even \u00ab\u00a0The Devil In A Three-Piece-Suit\u00a0\u00bb  would have made a great single. I loved this track very much until someone said to me (I think it was my sister) that it sounded too much like \u00ab\u00a0Infinite Wisdom\u00a0\u00bb and that \u00ab\u00a0Infinite Wisdom\u00a0\u00bb was so much better. I don&rsquo;t think it sound like it that much but oh well&#8230;.<\/p>\n\n\n\n<p>As often the b-side or extra-track for this single \u00ab\u00a0Don&rsquo;t Sell Yourself Short\u00a0\u00bb is a killer track. The only reason it wasn&rsquo;t on the album is because it sounded too much like an 80&rsquo;s song so it&rsquo;s place wasn&rsquo;t on a mainly techno-sounding album like \u00ab\u00a0KING OF THE NIGHT\u00a0\u00bb. But I&rsquo;m still very proud of it. One of my better extra-tracks I think.<\/p>\n\n\n\n<p>I think the cover for the single is quite clever. This electronic health thermometer was really my own from years ago (I cleaned it really well before the photoshoot obviously ah ah) and when I tried to use it for the last time it really displayed this error message which I think was a clever way to illustrate a malfunction like the dysfonctionnal relationship this track is about (and being literally sick of someone). One of my numerous tongue-in-cheek sleeves. \ud83d\ude42<\/p>\n\n\n\n<p>This single is available to hear or buy on my Bandcamp site : <\/p>\n\n\n\n<p><a href=\"https:\/\/theeditking.bandcamp.com\/album\/so-sick-of-you-too-single-49\">https:\/\/theeditking.bandcamp.com\/album\/so-sick-of-you-too-single-49<\/a><\/p>\n\n\n\n<p>or on all the major official download or streaming sites like Spotify, Deezer, etc. : <\/p>\n\n\n\n<p><a href=\"https:\/\/ditto.fm\/so-sick-of-you-too\">https:\/\/ditto.fm\/so-sick-of-you-too<\/a><\/p>\n\n\n\n<p> &#8211; &#8211; &#8211; &#8211; &#8211; &#8211; &#8211; &#8211; &#8211; &#8211; &#8211; FRENCH TRANSLATION &#8211; &#8211; &#8211; &#8211; &#8211; &#8211; &#8211; &#8211; &#8211; &#8211; <\/p>\n\n\n\n<h2 class=\"wp-block-heading\"><strong><mark style=\"background-color:rgba(0, 0, 0, 0);color:#ffd900\" class=\"has-inline-color\">Single 49 So Sick Of You Too<\/mark><\/strong><\/h2>\n\n\n\n<p>Le vendredi 2 janvier 2026, \u00ab\u00a0So Sick Of You Too\u00a0\u00bb : le 4\u00e8me single extrait du 9\u00e8me album \u00ab\u00a0KING OF THE NIGHT\u00a0\u00bb est sorti.<\/p>\n\n\n\n<figure class=\"wp-block-image size-large\"><img loading=\"lazy\" decoding=\"async\" width=\"1024\" height=\"1024\" src=\"https:\/\/theeditking.fr\/wp-content\/uploads\/2026\/01\/folder-1024x1024.jpg\" alt=\"\" class=\"wp-image-1956\" srcset=\"https:\/\/theeditking.fr\/wp-content\/uploads\/2026\/01\/folder-1024x1024.jpg 1024w, https:\/\/theeditking.fr\/wp-content\/uploads\/2026\/01\/folder-300x300.jpg 300w, https:\/\/theeditking.fr\/wp-content\/uploads\/2026\/01\/folder-150x150.jpg 150w, https:\/\/theeditking.fr\/wp-content\/uploads\/2026\/01\/folder-768x768.jpg 768w, https:\/\/theeditking.fr\/wp-content\/uploads\/2026\/01\/folder-1536x1536.jpg 1536w, https:\/\/theeditking.fr\/wp-content\/uploads\/2026\/01\/folder-2048x2048.jpg 2048w, https:\/\/theeditking.fr\/wp-content\/uploads\/2026\/01\/folder-1200x1200.jpg 1200w, https:\/\/theeditking.fr\/wp-content\/uploads\/2026\/01\/folder-1980x1980.jpg 1980w\" sizes=\"auto, (max-width: 1024px) 100vw, 1024px\" \/><\/figure>\n\n\n\n<p>Il comprend les titres suivants :<\/p>\n\n\n\n<p>01. SO SICK OF YOU TOO remix 2:52<br>02. DON&rsquo;T SELL YOURSELF SHORT 3:24<br>03. SO SICK OF YOU TOO extended remix 6:12<\/p>\n\n\n\n<p>Je ne suis pas fou fou de ce titre et je pense que les batteries particuli\u00e8rement sont trop en avant dans le mix final de ces morceaux (versions album, version courte ou version longue). Mais ces morceaux ont \u00e9t\u00e9 enregistr\u00e9s si vite que lorsque je m&rsquo;en suis rendu compte, il \u00e9tait d\u00e9j\u00e0 impossible de revenir en arri\u00e8re. Du coup le fait que la version single soit 1 minute plus courte que la version est une bonne chose je pense. <\/p>\n\n\n\n<p>En revanche je suis assez fier de la version longue. J&rsquo;adore la fa\u00e7on dont ce mix se termine (la fin est g\u00e9niale je trouve). J&rsquo;adore ces petits sons \u00e9lectroniques qui me rappellent un titre de D\u00e9p\u00eache Mode que j&rsquo;aimais beaucoup quand j&rsquo;\u00e9tais jeune \u00ab\u00a0Personal Jesus\u00a0\u00bb et qui avait aussi des sons un peu comme \u00e7a. C&rsquo;est pour \u00e7a que j&rsquo;ai sorti ce titre en single. <\/p>\n\n\n\n<p>Mais s&rsquo;il n&rsquo;y avait pas eu ces sons \u00e9lectroniques superbes, j&rsquo;aurais s\u00fbrement sorti d&rsquo;autres titres de l&rsquo;album \u00e0 la place comme \u00ab\u00a0Ready For Another World\u00a0\u00bb ou encore \u00ab\u00a0Dots Your I&rsquo;s And Cross Your T&rsquo;s\u00a0\u00bb qui sont bien meilleurs je pense.<\/p>\n\n\n\n<p>\u00ab\u00a0Dots Your I&rsquo;s And Cross Your T&rsquo;s\u00a0\u00bb aurait fait un tr\u00e8s bon single pour No\u00ebl je trouve mais cela aurait voulu dire repousser encore jusqu&rsquo;\u00e0 janvier la sortie du titre \u00ab\u00a0Modern Age\u00a0\u00bb en single et j&rsquo;\u00e9tais trop press\u00e9 de la sortir car je l&rsquo;adore tellement. <\/p>\n\n\n\n<p>M\u00eame si \u00ab\u00a0Dots Your I&rsquo;s And Cross Your T&rsquo;s\u00a0\u00bb n&rsquo;est pas un titre de No\u00ebl \u00e9videmment, je pense que ces sons et son ambiance g\u00e9n\u00e9rale font penser \u00e0 No\u00ebl m\u00eame si on est tr\u00e8s loin de la qualit\u00e9 d&rsquo;un \u00ab\u00a0Last Christmas\u00a0\u00bb de Wham!\/George Michael que je v\u00e9n\u00e8re par dessous tout bien \u00e9videmment. C&rsquo;est la chanson de No\u00ebl id\u00e9ale pour moi (d\u00e9sol\u00e9 Mariah) \ud83d\ude42<\/p>\n\n\n\n<p>Mais pour moi m\u00eame  \u00ab\u00a0The Devil In A Three-Piece-Suit\u00a0\u00bb aurait pu faire un tr\u00e8s bon single. Et j&rsquo;y pensais tr\u00e8s s\u00e9rieusement jusqu&rsquo;\u00e0 ce que quelqu&rsquo;un me dise (je pense que c&rsquo;\u00e9tait ma soeur) que ce titre ressemblait trop \u00e0 \u00ab\u00a0Infinite Wisdom\u00a0\u00bb et que \u00ab\u00a0Infinite Wisdom\u00a0\u00bb \u00e9tait bien meilleur. Je ne crois pas que les titres se ressemblent tant que \u00e7a mais ok&#8230;.<\/p>\n\n\n\n<p>Comme souvent le titre en face-B\/bonus \u00ab\u00a0Don&rsquo;t Sell Yourself Short\u00a0\u00bb est un super morceau. La seule raison qui a fait qu&rsquo;il ne soit pas sur l&rsquo;album c&rsquo;est que ce titre sonne trop ann\u00e9es 80 donc il n&rsquo;aurait pas vraiment coll\u00e9 je pense sur l&rsquo;album \u00ab\u00a0KING OF THE NIGHT\u00a0\u00bb qui est un titre \u00e0 base de titres techno dance principalement. Mais je suis quand m\u00eame toujours tr\u00e8s fier de ce titre et je pense que c&rsquo;est une de mes meilleures face B.<\/p>\n\n\n\n<p>Je pense que la pochette du single est \u00e0 la fois tr\u00e8s habile et marante. Ce termom\u00e8tre \u00e9lectronique \u00e9tait vraiment \u00e0 moi et je l&rsquo;ai utilis\u00e9 il y a tr\u00e8s longtemps (bien \u00e9videmment je l&rsquo;ai bien nettoy\u00e9 avant de le prendre en photo lol). Mais la derni\u00e8re fois que je l&rsquo;ai utilis\u00e9, il m&rsquo;a justement affich\u00e9 ce message d&rsquo;erreur et je trouvais \u00e0 la fois tr\u00e8s habile et tr\u00e8s dr\u00f4le cette photo, parfaite pour illustrer une relation toxique et dissonante (et le fait que quelqu&rsquo;un vous rendre litt\u00e9rallement malade avec son attitude) comme il est question dans ce morceau. Encore une de mes pochettes ou l&rsquo;humour et les sous-entendus sont pr\u00e9sents. \ud83d\ude42<\/p>\n\n\n\n<p>Ce single peut \u00eatre \u00e9cout\u00e9 ou achet\u00e9 sur mon site Bandcamp :<\/p>\n\n\n\n<p><a href=\"https:\/\/theeditking.bandcamp.com\/album\/so-sick-of-you-too-single-49\">https:\/\/theeditking.bandcamp.com\/album\/so-sick-of-you-too-single-49<\/a><\/p>\n\n\n\n<p>ainsi que les principaux sites de t\u00e9l\u00e9chargements l\u00e9gaux ou de streaming comme Spotify, Deezer, etc. :<\/p>\n\n\n\n<p><a href=\"https:\/\/ditto.fm\/so-sick-of-you-too\">https:\/\/ditto.fm\/so-sick-of-you-too<\/a><\/p>\n\n\n\n<p> <\/p>\n","protected":false},"excerpt":{"rendered":"<p>On Friday, January 2nd 2026, \u00ab\u00a0So Sick Of You Too\u00a0\u00bb : the 4th single of the 9th album \u00ab\u00a0KING OF THE NIGHT\u00a0\u00bb was released. It contains the following tracks : 01. SO SICK OF YOU TOO remix 2:5202. DON&rsquo;T SELL YOURSELF SHORT 3:2403. SO SICK OF YOU TOO extended remix 6:12 I&rsquo;m not crazy about [&hellip;]<\/p>\n","protected":false},"author":1,"featured_media":0,"parent":0,"menu_order":0,"comment_status":"closed","ping_status":"closed","template":"","meta":{"footnotes":""},"class_list":["post-1955","page","type-page","status-publish","hentry"],"_links":{"self":[{"href":"https:\/\/theeditking.fr\/index.php\/wp-json\/wp\/v2\/pages\/1955","targetHints":{"allow":["GET"]}}],"collection":[{"href":"https:\/\/theeditking.fr\/index.php\/wp-json\/wp\/v2\/pages"}],"about":[{"href":"https:\/\/theeditking.fr\/index.php\/wp-json\/wp\/v2\/types\/page"}],"author":[{"embeddable":true,"href":"https:\/\/theeditking.fr\/index.php\/wp-json\/wp\/v2\/users\/1"}],"replies":[{"embeddable":true,"href":"https:\/\/theeditking.fr\/index.php\/wp-json\/wp\/v2\/comments?post=1955"}],"version-history":[{"count":3,"href":"https:\/\/theeditking.fr\/index.php\/wp-json\/wp\/v2\/pages\/1955\/revisions"}],"predecessor-version":[{"id":1959,"href":"https:\/\/theeditking.fr\/index.php\/wp-json\/wp\/v2\/pages\/1955\/revisions\/1959"}],"wp:attachment":[{"href":"https:\/\/theeditking.fr\/index.php\/wp-json\/wp\/v2\/media?parent=1955"}],"curies":[{"name":"wp","href":"https:\/\/api.w.org\/{rel}","templated":true}]}}