{"id":1911,"date":"2025-11-10T00:21:17","date_gmt":"2025-11-09T23:21:17","guid":{"rendered":"https:\/\/theeditking.fr\/?page_id=1911"},"modified":"2025-11-10T00:23:45","modified_gmt":"2025-11-09T23:23:45","slug":"single-47-prophetic-dreams","status":"publish","type":"page","link":"https:\/\/theeditking.fr\/index.php\/single-47-prophetic-dreams\/","title":{"rendered":"Single 47 Prophetic Dreams"},"content":{"rendered":"\n<p>\u00ab&nbsp;Prophetic Dreams \u00bb The second single from the 9th album \u00ab&nbsp;KING OF THE NIGHT \u00bb was released on Friday, November 7th 2025.<\/p>\n\n\n\n<figure class=\"wp-block-image size-large\"><img loading=\"lazy\" decoding=\"async\" width=\"1024\" height=\"1024\" src=\"https:\/\/theeditking.fr\/wp-content\/uploads\/2025\/11\/folder-1-1024x1024.jpg\" alt=\"\" class=\"wp-image-1907\" srcset=\"https:\/\/theeditking.fr\/wp-content\/uploads\/2025\/11\/folder-1-1024x1024.jpg 1024w, https:\/\/theeditking.fr\/wp-content\/uploads\/2025\/11\/folder-1-300x300.jpg 300w, https:\/\/theeditking.fr\/wp-content\/uploads\/2025\/11\/folder-1-150x150.jpg 150w, https:\/\/theeditking.fr\/wp-content\/uploads\/2025\/11\/folder-1-768x768.jpg 768w, https:\/\/theeditking.fr\/wp-content\/uploads\/2025\/11\/folder-1-1536x1536.jpg 1536w, https:\/\/theeditking.fr\/wp-content\/uploads\/2025\/11\/folder-1-2048x2048.jpg 2048w, https:\/\/theeditking.fr\/wp-content\/uploads\/2025\/11\/folder-1-1200x1200.jpg 1200w, https:\/\/theeditking.fr\/wp-content\/uploads\/2025\/11\/folder-1-1980x1980.jpg 1980w\" sizes=\"auto, (max-width: 1024px) 100vw, 1024px\" \/><\/figure>\n\n\n\n<p>It contains the following tracks :<\/p>\n\n\n\n<p>01. PROPHETIC DREAMS carnival mix 4:02<br>02. COLD HARD FACTS 3:10<br>03. PROPHETIC DREAMS extended carnival mix 7:28<\/p>\n\n\n\n<p>\u00ab&nbsp;Prophetic Dreams \u00bb is without a doubt one of the best songs of the new album. For the single remix, it has to be enhanced with a straight to the point beginning where the album version started slowly.<\/p>\n\n\n\n<p>I&rsquo;ve always been a big fan of the band Duran Duran so their album\/compilation called \u00ab&nbsp;CARNIVAL \u00bb has always been a milestone for me as they were pioneers in music videos. <\/p>\n\n\n\n<p>When she first heard this song my sister told me right away that the speedy music of this track reminded her of the merry-go-rounds and Bollywood style of music. One of my friends told me the melody sounded like the music for the movie \u00ab&nbsp;Mortal Combat \u00bb. Funny all these interpretations of the same piece of music.<\/p>\n\n\n\n<p>But my sister having said that and me always influenced by my tastes in music (always) that&rsquo;s why the single and extended mix of \u00ab&nbsp;Prophetic Dreams \u00bb bear the word \u00ab&nbsp;carnival \u00bb.<\/p>\n\n\n\n<p>For the b-side or extra-track for this single I always wanted a track so very different from the a-side, so that&rsquo;s why I thought a music that almost sounded like classical music was the way to go.<\/p>\n\n\n\n<p>The fact that it&rsquo;s called \u00ab&nbsp;Cold Hard Facts \u00bb is a nod to another of my earlier music tastes : Paula Abdul and her great song \u00ab&nbsp;Cold Hearted \u00bb (sssssnake). \ud83d\ude42<\/p>\n\n\n\n<p>I always thought the album \u00ab&nbsp;KING OF THE NIGHT \u00bb was pretty extreme in its musical styles (mostly techno and dance) and that it might alienate people who don&rsquo;t like that kind of music but I&rsquo;ve very pleased with the feedback I&rsquo;m getting from my friends and all the people who listen to it and like it very much. Now I&rsquo;m worried about if they&rsquo;re gonna like the next one, ah ah, it&rsquo;s never ending stress, I guess.<\/p>\n\n\n\n<p>The cover sleeve drawing was made by someone very talented called <strong>\u0415\u043a\u0430\u0442\u0435\u0440\u0438\u043d\u0430 \u0414\u0435\u043c\u044f\u043d\u043e\u0432\u0441\u043a\u0430<\/strong> you can see more of her work at her vecteezy page : <\/p>\n\n\n\n<p><a href=\"https:\/\/www.vecteezy.com\/members\/102463787217265938187\">https:\/\/www.vecteezy.com\/members\/102463787217265938187<\/a><\/p>\n\n\n\n<p>Since the single was called prophetic I wanted to have all the horoscope signs on the sleeve but I can&rsquo;t draw anything, I&rsquo;m just incapable of drawing anything so I was very pleased to find her work to help me promote a great visual for my new single. Kudos to her. Her illustrations are gorgeous.<\/p>\n\n\n\n<p>This 3-track single is available to hear or buy on my Bandcamp page : <\/p>\n\n\n\n<p><a href=\"https:\/\/theeditking.bandcamp.com\/album\/prophetic-dreams-single-47\">https:\/\/theeditking.bandcamp.com\/album\/prophetic-dreams-single-47<\/a><\/p>\n\n\n\n<p>or in all major streaming and download sites like Amazon sites, Deezer, Spotify, etc. : <\/p>\n\n\n\n<p><a href=\"https:\/\/ditto.fm\/prophetic-dreams\">https:\/\/ditto.fm\/prophetic-dreams<\/a><\/p>\n\n\n\n<p>&#8211; &#8211; &#8211; &#8211; &#8211; &#8211; &#8211; &#8211; &#8211; &#8211; &#8211; &#8211; FRENCH TRANSLATION &#8211; &#8211; &#8211; &#8211; &#8211; &#8211; &#8211; &#8211; &#8211; &#8211;<\/p>\n\n\n\n<h2 class=\"wp-block-heading has-text-color has-link-color wp-elements-f3a1e399711ebcbffbeae33b0708afe9\" style=\"color:#f9d400\">Single  47 Prophetic Dreams<\/h2>\n\n\n\n<p>\u00ab&nbsp;Prophetic Dreams \u00bb le 2\u00e8me extrait du 9\u00e8me album \u00ab&nbsp;KING OF THE NIGHT \u00bb est sorti le vendredi 7 novembre 2025<\/p>\n\n\n\n<figure class=\"wp-block-image size-large\"><img loading=\"lazy\" decoding=\"async\" width=\"1024\" height=\"1024\" src=\"https:\/\/theeditking.fr\/wp-content\/uploads\/2025\/11\/folder-1-1024x1024.jpg\" alt=\"\" class=\"wp-image-1907\" srcset=\"https:\/\/theeditking.fr\/wp-content\/uploads\/2025\/11\/folder-1-1024x1024.jpg 1024w, https:\/\/theeditking.fr\/wp-content\/uploads\/2025\/11\/folder-1-300x300.jpg 300w, https:\/\/theeditking.fr\/wp-content\/uploads\/2025\/11\/folder-1-150x150.jpg 150w, https:\/\/theeditking.fr\/wp-content\/uploads\/2025\/11\/folder-1-768x768.jpg 768w, https:\/\/theeditking.fr\/wp-content\/uploads\/2025\/11\/folder-1-1536x1536.jpg 1536w, https:\/\/theeditking.fr\/wp-content\/uploads\/2025\/11\/folder-1-2048x2048.jpg 2048w, https:\/\/theeditking.fr\/wp-content\/uploads\/2025\/11\/folder-1-1200x1200.jpg 1200w, https:\/\/theeditking.fr\/wp-content\/uploads\/2025\/11\/folder-1-1980x1980.jpg 1980w\" sizes=\"auto, (max-width: 1024px) 100vw, 1024px\" \/><\/figure>\n\n\n\n<p>Il contient les titres suivants :<\/p>\n\n\n\n<p>01. PROPHETIC DREAMS carnival mix 4:02<br>02. COLD HARD FACTS 3:10<br>03. PROPHETIC DREAMS extended carnival mix 7:28<\/p>\n\n\n\n<p>\u00ab&nbsp;Prophetic Dreams \u00bb est sans aucun doute un des meilleurs titres du nouvel album. without a doubt one of the best songs of the new album. Pour la version single remix, j&rsquo;ai choisi de commencer le morceau par une introduction qui plus droit au but que la version album dont la progression vers la m\u00e9lodie principale \u00e9tait plus lente.<\/p>\n\n\n\n<p>J&rsquo;ai toujours \u00e9t\u00e9 un grand fan du groupe Duran Duran et leur album-compilation am\u00e9ricaine \u00ab&nbsp;CARNIVAL \u00bb \u00e9tant un disque mythique pour moi tout comme ils ont tous \u00e9t\u00e9 des pionniers dans tout ce qu&rsquo;ils produisaient dont les clips vid\u00e9os.<\/p>\n\n\n\n<p>Quand ma soeur a entendu ce titre pour la premi\u00e8re fois elle m&rsquo;a dit que la musique lui faisait penser \u00e0 la fois \u00e0 une musique de Bollywood ou encore \u00e0 des man\u00e8ges qui acc\u00e9l\u00e8rent tr\u00e8s tr\u00e8s vite. Un de mes amis, lui, pense que la m\u00e9lodie principale ressemble \u00e0 la musique du film \u00ab&nbsp;Mortal Combat \u00bb. C&rsquo;est dr\u00f4le ces impressions toutes diff\u00e9rentes au sujet d&rsquo;un m\u00eame morceau de musique, \u00e7a m&rsquo;amuse et me plait beaucoup.<\/p>\n\n\n\n<p>Mais ma soeur ayant dit \u00e7a \u00e0 propos des man\u00e8ges comme dans les f\u00eates foraines et un peu aussi en hommage \u00e0 DD, voil\u00e0 la raison pour laquelle pour \u00ab&nbsp;Prophetic Dreams \u00bb ses versions single courte et sa version longue portent le mot \u00ab&nbsp;carnival \u00bb dedans.<\/p>\n\n\n\n<p>Pour la face B, le titre suppl\u00e9mentaire de ce single, je voulais un titre \u00e0 l&rsquo;ambiance tr\u00e8s diff\u00e9rente de la face A. Aussi un titre avec un style presque proche de la musique classique s&rsquo;imposait. C&rsquo;est un des titres les plus diff\u00e9rents de mon r\u00e9pertoire et j&rsquo;aime \u00e7a (violons et tout).<\/p>\n\n\n\n<p>Le fait que ce titre s&rsquo;appelle \u00ab&nbsp;Cold Hard Facts \u00bb est encore un clin d&rsquo;oeil \u00e0 mes go\u00fbts musicaux du pass\u00e9 comme cette fois-ci Paula Abdul et sa g\u00e9niale chanson \u00ab&nbsp;Cold Hearted \u00bb (sssssnake). \ud83d\ude42<\/p>\n\n\n\n<p>J&rsquo;ai toujours trouv\u00e9 que mon album \u00ab&nbsp;KING OF THE NIGHT \u00bb avait un univers et un son assez extr\u00eame (principalement de la techno et de la dance musique assez dure) et je pensais donc que c&rsquo;est un disque qui ne plairait pas \u00e0 tout le monde mais je suis tr\u00e8s agr\u00e9ablement surpris qu&rsquo;il plaise \u00e0 autant de gens au final (tant parmi mes amis proches que parmi toutes les personnes qui l&rsquo;\u00e9coute, \u00e0 qui il a beaucoup plu et qui m&rsquo;en parlent. Maintenant du coup c&rsquo;est au sujet du prochain album que je m&rsquo;inqui\u00e8te (plaira-t-il autant ?), ah ah, ce stress ne cesse donc jamais j&rsquo;imagine.<\/p>\n\n\n\n<p>Les dessins sur la pochette du single viennent d&rsquo;une personne tr\u00e8s talentueuse appel\u00e9e <strong>\u0415\u043a\u0430\u0442\u0435\u0440\u0438\u043d\u0430 \u0414\u0435\u043c\u044f\u043d\u043e\u0432\u0441\u043a\u0430<\/strong> vous pouvez voir plus d&rsquo;oeuvres encore d&rsquo;elle sur sa page vecteezy : <\/p>\n\n\n\n<p><a href=\"https:\/\/www.vecteezy.com\/members\/102463787217265938187\">https:\/\/www.vecteezy.com\/members\/102463787217265938187<\/a><\/p>\n\n\n\n<p>Puisque le morceau s&rsquo;appelle r\u00eaves pr\u00e9monitoires je voulais qu&rsquo;il y ait des dessins des signes du zodiaque sur la pochette mais j&rsquo;aurais \u00e9t\u00e9 bien incapable de les reproduire fid\u00e8lement, je suis dramatiquement nul en dessin. Vous imaginez donc \u00e0 quel point j&rsquo;\u00e9tais soulag\u00e9 de trouver ses illustrations \u00e0 elle afin de pouvoir les utiliser pour promovoir de fa\u00e7on belle et fi\u00e8re mon nouveau single. Bravo encore \u00e0 elle pour ses illustrations qui sont tout simplement sublimes. <\/p>\n\n\n\n<p>Ce single 3 titres est disponible \u00e0 l&rsquo;\u00e9coute et \u00e0 l&rsquo;achat sur ma page Bandcamp :<\/p>\n\n\n\n<p><a href=\"https:\/\/theeditking.bandcamp.com\/album\/prophetic-dreams-single-47\">https:\/\/theeditking.bandcamp.com\/album\/prophetic-dreams-single-47<\/a><\/p>\n\n\n\n<p>ainsi que sur la plupart des plateformes d&rsquo;\u00e9coutes et de t\u00e9l\u00e9chargements l\u00e9gaux tels que les sites d&rsquo;Amazon, Deezer, Spotify, etc. :<\/p>\n\n\n\n<p><a href=\"https:\/\/ditto.fm\/prophetic-dreams\">https:\/\/ditto.fm\/prophetic-dreams<\/a><\/p>\n","protected":false},"excerpt":{"rendered":"<p>\u00ab&nbsp;Prophetic Dreams \u00bb The second single from the 9th album \u00ab&nbsp;KING OF THE NIGHT \u00bb was released on Friday, November 7th 2025. It contains the following tracks : 01. PROPHETIC DREAMS carnival mix 4:0202. COLD HARD FACTS 3:1003. PROPHETIC DREAMS extended carnival mix 7:28 \u00ab&nbsp;Prophetic Dreams \u00bb is without a doubt one of the best [&hellip;]<\/p>\n","protected":false},"author":1,"featured_media":0,"parent":0,"menu_order":0,"comment_status":"closed","ping_status":"closed","template":"","meta":{"footnotes":""},"class_list":["post-1911","page","type-page","status-publish","hentry"],"_links":{"self":[{"href":"https:\/\/theeditking.fr\/index.php\/wp-json\/wp\/v2\/pages\/1911","targetHints":{"allow":["GET"]}}],"collection":[{"href":"https:\/\/theeditking.fr\/index.php\/wp-json\/wp\/v2\/pages"}],"about":[{"href":"https:\/\/theeditking.fr\/index.php\/wp-json\/wp\/v2\/types\/page"}],"author":[{"embeddable":true,"href":"https:\/\/theeditking.fr\/index.php\/wp-json\/wp\/v2\/users\/1"}],"replies":[{"embeddable":true,"href":"https:\/\/theeditking.fr\/index.php\/wp-json\/wp\/v2\/comments?post=1911"}],"version-history":[{"count":3,"href":"https:\/\/theeditking.fr\/index.php\/wp-json\/wp\/v2\/pages\/1911\/revisions"}],"predecessor-version":[{"id":1915,"href":"https:\/\/theeditking.fr\/index.php\/wp-json\/wp\/v2\/pages\/1911\/revisions\/1915"}],"wp:attachment":[{"href":"https:\/\/theeditking.fr\/index.php\/wp-json\/wp\/v2\/media?parent=1911"}],"curies":[{"name":"wp","href":"https:\/\/api.w.org\/{rel}","templated":true}]}}