{"id":1885,"date":"2025-10-04T23:31:27","date_gmt":"2025-10-04T21:31:27","guid":{"rendered":"https:\/\/theeditking.fr\/?page_id=1885"},"modified":"2025-10-08T09:37:39","modified_gmt":"2025-10-08T07:37:39","slug":"album-n-9-king-of-the-night","status":"publish","type":"page","link":"https:\/\/theeditking.fr\/index.php\/album-n-9-king-of-the-night\/","title":{"rendered":"Album n\u00b0 9 KING OF THE NIGHT"},"content":{"rendered":"\n<p>On Friday, October 3rd 2025, the 9th album called \u00ab&nbsp;KING OF THE NIGHT&nbsp;\u00bb was released.<\/p>\n\n\n\n<figure class=\"wp-block-image size-large\"><img loading=\"lazy\" decoding=\"async\" width=\"1024\" height=\"1024\" src=\"https:\/\/theeditking.fr\/wp-content\/uploads\/2025\/10\/folder-1024x1024.jpg\" alt=\"\" class=\"wp-image-1882\" srcset=\"https:\/\/theeditking.fr\/wp-content\/uploads\/2025\/10\/folder-1024x1024.jpg 1024w, https:\/\/theeditking.fr\/wp-content\/uploads\/2025\/10\/folder-300x300.jpg 300w, https:\/\/theeditking.fr\/wp-content\/uploads\/2025\/10\/folder-150x150.jpg 150w, https:\/\/theeditking.fr\/wp-content\/uploads\/2025\/10\/folder-768x768.jpg 768w, https:\/\/theeditking.fr\/wp-content\/uploads\/2025\/10\/folder-1536x1536.jpg 1536w, https:\/\/theeditking.fr\/wp-content\/uploads\/2025\/10\/folder-2048x2048.jpg 2048w, https:\/\/theeditking.fr\/wp-content\/uploads\/2025\/10\/folder-1200x1200.jpg 1200w, https:\/\/theeditking.fr\/wp-content\/uploads\/2025\/10\/folder-1980x1980.jpg 1980w\" sizes=\"auto, (max-width: 1024px) 100vw, 1024px\" \/><\/figure>\n\n\n\n<p>It contains the following tracks : <\/p>\n\n\n\n<p>01. KING OF THE NIGHT 3:08<br>02. A FRIEND LIKE ME 3:20<br>03. MODERN AGE 3:25<br>04. SO SICK OF YOU TOO 3:41<br>05. LIKE A WARRIOR OF LOVE<\/p>\n\n\n\n<p>06. READY FOR ANOTHER WORLD 3:32<br>07. DOTS YOUR I&rsquo;S AND CROSS YOUR T&rsquo;S 3:48<br>08. THE DEVIL IN A THREE-PIECE SUIT 3:42<br>09. ON YOUR OWN VOLITION 4:01<br>10. PROPHETIC DREAMS 5:44<\/p>\n\n\n\n<p>11. KING OF THE NIGHT [ EXTENDED MIX ] 6:15<\/p>\n\n\n\n<p>After the more easy-listening \u00ab&nbsp;DISCO INFINITO&nbsp;\u00bb album, I decided to use the music sequencer software Samplitude to do a complete dark techno-dance album.<\/p>\n\n\n\n<p>I already used Samplitude in the past back in 2016-2017 when I made an album called \u00ab&nbsp;SUPERSONIC&nbsp;\u00bb which will be released next month as a free album.<\/p>\n\n\n\n<p>Since I appreciated its sounds and rhythms beats I wanted to make a brand new album with it. Funny thing is \u00ab&nbsp;KING OF THE NIGHT&nbsp;\u00bb turned out to be much more dark than \u00ab&nbsp;SUPERSONIC&nbsp;\u00bb was. But I like them both very much.<\/p>\n\n\n\n<p>\u00ab&nbsp;KING OF THE NIGHT&nbsp;\u00bb is not all about techno-dance though. Tracks 7 \u00ab&nbsp;Dots Your I&rsquo;s And Cross Your T&rsquo;s&nbsp;\u00bb and 8 \u00ab&nbsp;The Devil In A Three-Pice Suits&nbsp;\u00bb are 2 musical surprises.<\/p>\n\n\n\n<p>Once a friend of mine told me I should do a Christmas album or a Christmas song. And even though I tried, I failed miserably but I guess now that \u00ab&nbsp;Dots Your I&rsquo;s And Cross Your T&rsquo;s&nbsp;\u00bb is the closest I&rsquo;ve got to a Christmas song, well almost. It sounds like a Christmas song to me at least.<\/p>\n\n\n\n<p>My favorite song on the album \u00ab&nbsp;KING OF THE NIGHT&nbsp;\u00bb is the title song but I&rsquo;m also very found of \u00ab&nbsp;Prophetic Dreams&nbsp;\u00bb and \u00ab&nbsp;Modern Age&nbsp;\u00bb.<\/p>\n\n\n\n<p>I hope everyone will like this album as much as I had fun making it. But I must admit it&rsquo;s with \u00ab&nbsp;5&nbsp;\u00bb one of my darkest albums even though it has dance\/pop elements like in \u00ab&nbsp;King Of The Night&nbsp;\u00bb or \u00ab&nbsp;A Friend Like Me&nbsp;\u00bb.<\/p>\n\n\n\n<p>But since it covers almost only one musical genre, this album might not fit everyone&rsquo;s taste. If you don&rsquo;t like techno for instance, you might skip this one and wait for the next which will have many more different musicals genres and styles. And it will be much more general public friendly.<\/p>\n\n\n\n<p>This album is available to hear or buy on my Bandcamp site : <\/p>\n\n\n\n<p><a href=\"https:\/\/theeditking.bandcamp.com\/album\/king-of-the-night-album-9\">https:\/\/theeditking.bandcamp.com\/album\/king-of-the-night-album-9<\/a><\/p>\n\n\n\n<p>as well as on all major streaming and download sites like Spotify, Deezer, Amazon sites etc. : <\/p>\n\n\n\n<p><a href=\"https:\/\/ditto.fm\/king_of_the_night\">https:\/\/ditto.fm\/king_of_the_night<\/a><\/p>\n\n\n\n<p>&#8211; &#8211; &#8211; &#8211; &#8211; &#8211; FRENCH TRANSLATION TO COME &#8211; &#8211; &#8211; &#8211; &#8211;<\/p>\n\n\n\n<h2 class=\"wp-block-heading has-text-align-center has-text-color has-link-color wp-elements-e31d9a4e2a1bf703393a915b5b38789c\" style=\"color:#f9f500\">Album n\u00b0 9 <br>KING OF THE NIGHT<\/h2>\n\n\n\n<p>Le vendredi 3 octobre est sorti le 9\u00e8me album appel\u00e9 : \u00ab\u00a0KING OF THE NIGHT\u00a0\u00bb.<\/p>\n\n\n\n<figure class=\"wp-block-image size-large\"><img loading=\"lazy\" decoding=\"async\" width=\"1024\" height=\"1024\" src=\"https:\/\/theeditking.fr\/wp-content\/uploads\/2025\/10\/folder-1024x1024.jpg\" alt=\"\" class=\"wp-image-1882\" srcset=\"https:\/\/theeditking.fr\/wp-content\/uploads\/2025\/10\/folder-1024x1024.jpg 1024w, https:\/\/theeditking.fr\/wp-content\/uploads\/2025\/10\/folder-300x300.jpg 300w, https:\/\/theeditking.fr\/wp-content\/uploads\/2025\/10\/folder-150x150.jpg 150w, https:\/\/theeditking.fr\/wp-content\/uploads\/2025\/10\/folder-768x768.jpg 768w, https:\/\/theeditking.fr\/wp-content\/uploads\/2025\/10\/folder-1536x1536.jpg 1536w, https:\/\/theeditking.fr\/wp-content\/uploads\/2025\/10\/folder-2048x2048.jpg 2048w, https:\/\/theeditking.fr\/wp-content\/uploads\/2025\/10\/folder-1200x1200.jpg 1200w, https:\/\/theeditking.fr\/wp-content\/uploads\/2025\/10\/folder-1980x1980.jpg 1980w\" sizes=\"auto, (max-width: 1024px) 100vw, 1024px\" \/><\/figure>\n\n\n\n<p>Il contient les titres suivants : <\/p>\n\n\n\n<p>01. KING OF THE NIGHT 3:08<br>02. A FRIEND LIKE ME 3:20<br>03. MODERN AGE 3:25<br>04. SO SICK OF YOU TOO 3:41<br>05. LIKE A WARRIOR OF LOVE<\/p>\n\n\n\n<p>06. READY FOR ANOTHER WORLD 3:32<br>07. DOTS YOUR I&rsquo;S AND CROSS YOUR T&rsquo;S 3:48<br>08. THE DEVIL IN A THREE-PIECE SUIT 3:42<br>09. ON YOUR OWN VOLITION 4:01<br>10. PROPHETIC DREAMS 5:44<\/p>\n\n\n\n<p>11. KING OF THE NIGHT [ EXTENDED MIX ] 6:15<\/p>\n\n\n\n<p>Apr\u00e8s l&rsquo;album plus facile d&rsquo;acc\u00e8s \u00ab\u00a0DISCO INFINITO\u00a0\u00bb, j&rsquo;ai d\u00e9cid\u00e9 d&rsquo;utiliser le s\u00e9quenceur logiciel Samplitude pour composer un album de musique techno dance sombre.<\/p>\n\n\n\n<p>J&rsquo;avais d\u00e9j\u00e0 utilis\u00e9 Samplitude par le pass\u00e9 en 2016 et 2017 pour composer un album que j&rsquo;avais appel\u00e9 \u00ab\u00a0SUPERSONIC\u00a0\u00bb : cet album sortira d\u00e8s le milieu du mois prochain en tant que 6\u00e8me album gratuit.<\/p>\n\n\n\n<p>Et puisque j&rsquo;avais grandement appr\u00e9ci\u00e9 ses sons sympas et ses jeux de batteries typiquement techno, je voulais composer un nouvel album \u00e0 nouveau avec ses sons-l\u00e0.<\/p>\n\n\n\n<p>Mais ce qui est dr\u00f4le c&rsquo;est qu&rsquo;au bout du compte l&rsquo;album \u00ab\u00a0KING OF THE NIGHT\u00a0\u00bb a tourn\u00e9 beaucoup plus sombre dans ses titres que l&rsquo;album \u00ab\u00a0SUPERSONIC\u00a0\u00bb qui, lui \u00e9tait d&rsquo;une ambiance beaucoup plus l\u00e9g\u00e8re. Mais au bout du compte j&rsquo;aime les 2 albums.<\/p>\n\n\n\n<p>Mais l&rsquo;album \u00ab\u00a0KING OF THE NIGHT\u00a0\u00bb n&rsquo;est pas uniquement compos\u00e9 de titres techno\/dance is not all about techno-dance. Les titres 7 \u00ab\u00a0Dots Your I&rsquo;s And Cross Your T&rsquo;s\u00a0\u00bb and 8 \u00ab\u00a0The Devil In A Three-Pice Suits\u00a0\u00bb sont 2 surprises musicales.<\/p>\n\n\n\n<p>Un jour une de mes amies m&rsquo;avait dit que  je devrais faire un album de No\u00ebl ou un titre pour No\u00ebl un de ces jours. Et m\u00eame si j&rsquo;ai jamais r\u00e9ussi ou fini par faire \u00e7a, maintenant je crois que le morceau \u00ab\u00a0Dots Your I&rsquo;s And Cross Your T&rsquo;s\u00a0\u00bb est, dans tout ce que j&rsquo;ai compos\u00e9 ce qui se rapproche le plus d&rsquo;un titre de No\u00ebl j&rsquo;ai l&rsquo;impression. Sp\u00e9cialement avec ce son de cloches dans le morceau.<\/p>\n\n\n\n<p>Mon titre pr\u00e9f\u00e9r\u00e9 de l&rsquo;album \u00ab\u00a0KING OF THE NIGHT\u00a0\u00bb est la chanson titre mais j&rsquo;aime aussi beaucoup les morceaux \u00ab\u00a0Prophetic Dreams\u00a0\u00bb et \u00ab\u00a0Modern Age\u00a0\u00bb.<\/p>\n\n\n\n<p>J&rsquo;esp\u00e8re que tous ceux qui l&rsquo;\u00e9couteront aimeront cet album autant que j&rsquo;ai eu de plaisir \u00e0 le composer. Mais pour \u00eatre tout \u00e0 fait honn\u00eate je dois admettre qu&rsquo;avec mon 5\u00e8me album appel\u00e9 \u00ab\u00a05\u00a0\u00bb cet album est un de mes albums les plus sombres m\u00eame si il comporte des \u00e9l\u00e9ments de dance music et de pop sur des titres comme \u00ab\u00a0King Of The Night\u00a0\u00bb ou \u00ab\u00a0A Friend Like Me\u00a0\u00bb.<\/p>\n\n\n\n<p>Mais comme cet album couvre principalement un seul style ou genre de musique, je comprends qu&rsquo;il puisse ne pas plaire \u00e0 tout le monde. <\/p>\n\n\n\n<p>Si vous n&rsquo;aimez pas la techno et la dance music par exemple, vous pr\u00e9f\u00e9rerez sans doute sauter cet album-ci et attendre le prochain qui comportera des titres dans des titres beaucoup plus vari\u00e9s que cet album-ci. Il sera plus orient\u00e9 grand public. .<\/p>\n\n\n\n<p>Cet album est disponible \u00e0 l&rsquo;\u00e9coute et \u00e0 l&rsquo;achat sur mon site Bandcamp :<\/p>\n\n\n\n<p><a href=\"https:\/\/theeditking.bandcamp.com\/album\/king-of-the-night-album-9\">https:\/\/theeditking.bandcamp.com\/album\/king-of-the-night-album-9<\/a><\/p>\n\n\n\n<p>ainsi que sur la plupart des plateformes d&rsquo;\u00e9coutes et de t\u00e9l\u00e9chargements l\u00e9gaux tels que Spotify, Deezer, Amazon sites etc. :<\/p>\n\n\n\n<p><a href=\"https:\/\/ditto.fm\/king_of_the_night\">https:\/\/ditto.fm\/king_of_the_night<\/a><\/p>\n","protected":false},"excerpt":{"rendered":"<p>On Friday, October 3rd 2025, the 9th album called \u00ab&nbsp;KING OF THE NIGHT&nbsp;\u00bb was released. It contains the following tracks : 01. KING OF THE NIGHT 3:0802. A FRIEND LIKE ME 3:2003. MODERN AGE 3:2504. SO SICK OF YOU TOO 3:4105. LIKE A WARRIOR OF LOVE 06. READY FOR ANOTHER WORLD 3:3207. DOTS YOUR I&rsquo;S [&hellip;]<\/p>\n","protected":false},"author":1,"featured_media":0,"parent":0,"menu_order":0,"comment_status":"closed","ping_status":"closed","template":"","meta":{"footnotes":""},"class_list":["post-1885","page","type-page","status-publish","hentry"],"_links":{"self":[{"href":"https:\/\/theeditking.fr\/index.php\/wp-json\/wp\/v2\/pages\/1885","targetHints":{"allow":["GET"]}}],"collection":[{"href":"https:\/\/theeditking.fr\/index.php\/wp-json\/wp\/v2\/pages"}],"about":[{"href":"https:\/\/theeditking.fr\/index.php\/wp-json\/wp\/v2\/types\/page"}],"author":[{"embeddable":true,"href":"https:\/\/theeditking.fr\/index.php\/wp-json\/wp\/v2\/users\/1"}],"replies":[{"embeddable":true,"href":"https:\/\/theeditking.fr\/index.php\/wp-json\/wp\/v2\/comments?post=1885"}],"version-history":[{"count":4,"href":"https:\/\/theeditking.fr\/index.php\/wp-json\/wp\/v2\/pages\/1885\/revisions"}],"predecessor-version":[{"id":1893,"href":"https:\/\/theeditking.fr\/index.php\/wp-json\/wp\/v2\/pages\/1885\/revisions\/1893"}],"wp:attachment":[{"href":"https:\/\/theeditking.fr\/index.php\/wp-json\/wp\/v2\/media?parent=1885"}],"curies":[{"name":"wp","href":"https:\/\/api.w.org\/{rel}","templated":true}]}}