{"id":1841,"date":"2025-09-30T23:29:10","date_gmt":"2025-09-30T21:29:10","guid":{"rendered":"https:\/\/theeditking.fr\/?page_id=1841"},"modified":"2025-09-30T23:29:10","modified_gmt":"2025-09-30T21:29:10","slug":"single-46-king-of-the-night","status":"publish","type":"page","link":"https:\/\/theeditking.fr\/index.php\/single-46-king-of-the-night\/","title":{"rendered":"Single 46 King Of The Night"},"content":{"rendered":"\n<p>\u00ab\u00a0King Of The Night\u00a0\u00bb The first single from the 9th album of the same name was released on Friday, September 26th 2025.<\/p>\n\n\n\n<figure class=\"wp-block-image size-large\"><img loading=\"lazy\" decoding=\"async\" width=\"1024\" height=\"1024\" src=\"https:\/\/theeditking.fr\/wp-content\/uploads\/2025\/09\/folder-2-1024x1024.jpg\" alt=\"\" class=\"wp-image-1824\" srcset=\"https:\/\/theeditking.fr\/wp-content\/uploads\/2025\/09\/folder-2-1024x1024.jpg 1024w, https:\/\/theeditking.fr\/wp-content\/uploads\/2025\/09\/folder-2-300x300.jpg 300w, https:\/\/theeditking.fr\/wp-content\/uploads\/2025\/09\/folder-2-150x150.jpg 150w, https:\/\/theeditking.fr\/wp-content\/uploads\/2025\/09\/folder-2-768x768.jpg 768w, https:\/\/theeditking.fr\/wp-content\/uploads\/2025\/09\/folder-2-1536x1536.jpg 1536w, https:\/\/theeditking.fr\/wp-content\/uploads\/2025\/09\/folder-2-2048x2048.jpg 2048w, https:\/\/theeditking.fr\/wp-content\/uploads\/2025\/09\/folder-2-1200x1200.jpg 1200w, https:\/\/theeditking.fr\/wp-content\/uploads\/2025\/09\/folder-2-1980x1980.jpg 1980w\" sizes=\"auto, (max-width: 1024px) 100vw, 1024px\" \/><\/figure>\n\n\n\n<p>It contains the following tracks : <\/p>\n\n\n\n<p>01. KING OF THE NIGHT 3:08<br>02. QUEEN OF MY DREAMS 3:24<\/p>\n\n\n\n<p>Almost ten years ago back in 2016\/2017 I made an album called \u00ab\u00a0SUPERSONIC\u00a0\u00bb using a sequencer software called Samplitude which had very nice dance and techno sounds. It&rsquo;s gonna be released next month as my next free album : the 6th.<\/p>\n\n\n\n<p>And this software sequencer had so many cool dance and techno sounds that I wanted to revist it lately. So that&rsquo;s with it again that I made my 9th album \u00ab\u00a0KING OF THE NIGHT\u00a0\u00bb which will be released on October 3rd 2025.<\/p>\n\n\n\n<p>The irony is that my album \u00ab\u00a0KING OF THE NIGHT\u00a0\u00bb is a little bit much darker than \u00ab\u00a0SUPERSONIC\u00a0\u00bb that&rsquo;s why I wanted to released them very close to one another, back to back, almost. That&rsquo;s why you can experience the dark side \u00ab\u00a0KING OF THE NIGHT\u00a0\u00bb and the lighter and more pop side \u00ab\u00a0SUPERSONIC\u00a0\u00bb.<\/p>\n\n\n\n<p>The track \u00ab\u00a0King Of The Night\u00a0\u00bb is not dark at all, it&rsquo;s one of the most dancey and jumpy track of all the album, that&rsquo;s why I wanted to release it first as a single to start this new era.<\/p>\n\n\n\n<p>The extra-track of this single called \u00ab\u00a0Queen Of My Dreams\u00a0\u00bb is also very dance and techno. It wanted it sound a little bit like a 90&rsquo;s Modern Talking talking. It contains a sample of an unreleased track of mine called \u00ab\u00a0Forgiveness Wings\u00a0\u00bb.<\/p>\n\n\n\n<p>Starting from the single on all the extra-tracks of b-sides of the singles to come have been written specifically for these singles. I thought it was hilarious to put on the b-side of \u00ab\u00a0King Of The Night\u00a0\u00bb a track whose name starts with \u00ab\u00a0Queen\u00a0\u00bb : the opposition of King\/Queen, ah ah.<\/p>\n\n\n\n<p>The 2-track single is available to hear or buy on my Bandcamp site : <\/p>\n\n\n\n<p><a href=\"https:\/\/theeditking.bandcamp.com\/album\/king-of-the-night-single-46\">https:\/\/theeditking.bandcamp.com\/album\/king-of-the-night-single-46<\/a><\/p>\n\n\n\n<p>as well as on all major download and streaming sites like Spotify, Deezer, Amazon, etc. : <\/p>\n\n\n\n<p><a href=\"https:\/\/ditto.fm\/king-of-the-night-the-edit-king\">https:\/\/ditto.fm\/king-of-the-night-the-edit-king<\/a><\/p>\n\n\n\n<h2 class=\"wp-block-heading has-text-color has-link-color wp-elements-6d88cce2085c8f73e53ce1458a360043\" style=\"color:#edf205\">Single 46 King Of The Night<\/h2>\n\n\n\n<p>\u00ab\u00a0King Of The Night\u00a0\u00bb le premier single extrait du 9\u00e8me album du m\u00eame nom est sorti le vendredi 26 septembre 2025.<\/p>\n\n\n\n<figure class=\"wp-block-image size-large\"><img loading=\"lazy\" decoding=\"async\" width=\"1024\" height=\"1024\" src=\"https:\/\/theeditking.fr\/wp-content\/uploads\/2025\/09\/folder-2-1024x1024.jpg\" alt=\"\" class=\"wp-image-1824\" srcset=\"https:\/\/theeditking.fr\/wp-content\/uploads\/2025\/09\/folder-2-1024x1024.jpg 1024w, https:\/\/theeditking.fr\/wp-content\/uploads\/2025\/09\/folder-2-300x300.jpg 300w, https:\/\/theeditking.fr\/wp-content\/uploads\/2025\/09\/folder-2-150x150.jpg 150w, https:\/\/theeditking.fr\/wp-content\/uploads\/2025\/09\/folder-2-768x768.jpg 768w, https:\/\/theeditking.fr\/wp-content\/uploads\/2025\/09\/folder-2-1536x1536.jpg 1536w, https:\/\/theeditking.fr\/wp-content\/uploads\/2025\/09\/folder-2-2048x2048.jpg 2048w, https:\/\/theeditking.fr\/wp-content\/uploads\/2025\/09\/folder-2-1200x1200.jpg 1200w, https:\/\/theeditking.fr\/wp-content\/uploads\/2025\/09\/folder-2-1980x1980.jpg 1980w\" sizes=\"auto, (max-width: 1024px) 100vw, 1024px\" \/><\/figure>\n\n\n\n<p>Il contient les titres suivants : <\/p>\n\n\n\n<p>01. KING OF THE NIGHT 3:08<br>02. QUEEN OF MY DREAMS 3:24<\/p>\n\n\n\n<p>Il y a presque 10 ans en 2016\/2017 j&rsquo;avais \u00e9crit un album appel\u00e9 \u00ab\u00a0SUPERSONIC\u00a0\u00bb en utilisant un logiciel s\u00e9quenceur appel\u00e9 Samplitude qui avait des sons dance et techno assez sympa. Cet album sortira le mois prochain en album gratuit : mon 6\u00e8me d\u00e9j\u00e0.<\/p>\n\n\n\n<p>Et ce soft avait des sons tellements sympas que j&rsquo;ai souhait\u00e9 le revisiter r\u00e9cemment. Ce qui a donn\u00e9 ce nouvel album qui sortira le 3 octobre appel\u00e9 lui aussi \u00ab\u00a0KING OF THE NIGHT\u00a0\u00bb.<\/p>\n\n\n\n<p>L&rsquo;ironie c&rsquo;est que l&rsquo;album \u00ab\u00a0KING OF THE NIGHT\u00a0\u00bb est bien plus sombre que le l\u00e9ger et parfois a\u00e9rien \u00ab\u00a0SUPERSONIC\u00a0\u00bb, c&rsquo;est pour \u00e7a que je choisis de les sortir si pr\u00e8s l&rsquo;un de l&rsquo;autre, presque c\u00f4te \u00e0 c\u00f4te, ainsi vous pourrez exp\u00e9rimenter la partie sombre de mon oeuvre avec \u00ab\u00a0KING OF THE NIGHT\u00a0\u00bb et la partie la plus pop et la plus a\u00e9rienne avec \u00ab\u00a0SUPERSONIC\u00a0\u00bb.<\/p>\n\n\n\n<p>Le titre \u00ab\u00a0King Of The Night\u00a0\u00bb, lui, en revanche, est loin d&rsquo;\u00eatre sombre. Au contraire c&rsquo;est l&rsquo;un des titres les plus sautillants et dance de tout l&rsquo;album, c&rsquo;est la raison pour laquelle j&rsquo;ai voulu le sortir en single pour commencer l&rsquo;exploitation de ce nouvel album.<\/p>\n\n\n\n<p>Le titre bonus de ce single appel\u00e9 \u00ab\u00a0Queen Of My Dreams\u00a0\u00bb est aussi tr\u00e8s dance et techno. J&rsquo;ai voulu qu&rsquo;il sonne un peu comme un titre des ann\u00e9es 90 du groupe allemand Modern Talking. Ce titre contient un sample d&rsquo;un de mes tous premiers titres (encore pas diffus\u00e9) appel\u00e9 \u00ab\u00a0Forgiveness Wings\u00a0\u00bb.<\/p>\n\n\n\n<p>A partir de ce single on peut dire que tous les titres bonus des singles \u00e0 venir ont \u00e9t\u00e9 cr\u00e9\u00e9s sp\u00e9cifiquement pour \u00eatre le titre bonus ou la face B des singles qui sortent. Aussi je trouvais dr\u00f4le en face B de \u00ab\u00a0King Of The Night\u00a0\u00bb de mettre un titre ensuite qui s&rsquo;appelle \u00ab\u00a0Queen\u00a0\u00bb King\/Queen, ah ah.<\/p>\n\n\n\n<p>Ce single 2 titres is disponible \u00e0 l&rsquo;\u00e9coute ou \u00e0 l&rsquo;achat sur ma page Bandcamp : <\/p>\n\n\n\n<p><a href=\"https:\/\/theeditking.bandcamp.com\/album\/king-of-the-night-single-46\">https:\/\/theeditking.bandcamp.com\/album\/king-of-the-night-single-46<\/a><\/p>\n\n\n\n<p>ainsi que sur la plupart des sites et plateformes de t\u00e9l\u00e9chargements l\u00e9gaux tels que Spotify, Deezer, Amazon, etc. :<\/p>\n\n\n\n<p><a href=\"https:\/\/ditto.fm\/king-of-the-night-the-edit-king\">https:\/\/ditto.fm\/king-of-the-night-the-edit-king<\/a><\/p>\n","protected":false},"excerpt":{"rendered":"<p>\u00ab\u00a0King Of The Night\u00a0\u00bb The first single from the 9th album of the same name was released on Friday, September 26th 2025. It contains the following tracks : 01. KING OF THE NIGHT 3:0802. QUEEN OF MY DREAMS 3:24 Almost ten years ago back in 2016\/2017 I made an album called \u00ab\u00a0SUPERSONIC\u00a0\u00bb using a sequencer [&hellip;]<\/p>\n","protected":false},"author":1,"featured_media":0,"parent":0,"menu_order":0,"comment_status":"closed","ping_status":"closed","template":"","meta":{"footnotes":""},"class_list":["post-1841","page","type-page","status-publish","hentry"],"_links":{"self":[{"href":"https:\/\/theeditking.fr\/index.php\/wp-json\/wp\/v2\/pages\/1841","targetHints":{"allow":["GET"]}}],"collection":[{"href":"https:\/\/theeditking.fr\/index.php\/wp-json\/wp\/v2\/pages"}],"about":[{"href":"https:\/\/theeditking.fr\/index.php\/wp-json\/wp\/v2\/types\/page"}],"author":[{"embeddable":true,"href":"https:\/\/theeditking.fr\/index.php\/wp-json\/wp\/v2\/users\/1"}],"replies":[{"embeddable":true,"href":"https:\/\/theeditking.fr\/index.php\/wp-json\/wp\/v2\/comments?post=1841"}],"version-history":[{"count":1,"href":"https:\/\/theeditking.fr\/index.php\/wp-json\/wp\/v2\/pages\/1841\/revisions"}],"predecessor-version":[{"id":1842,"href":"https:\/\/theeditking.fr\/index.php\/wp-json\/wp\/v2\/pages\/1841\/revisions\/1842"}],"wp:attachment":[{"href":"https:\/\/theeditking.fr\/index.php\/wp-json\/wp\/v2\/media?parent=1841"}],"curies":[{"name":"wp","href":"https:\/\/api.w.org\/{rel}","templated":true}]}}